{"id":290,"date":"2020-02-27T11:22:33","date_gmt":"2020-02-27T10:22:33","guid":{"rendered":"http:\/\/hueftspezialist.de\/dr-raimund-volker-hueftspezialist\/"},"modified":"2020-08-13T12:29:50","modified_gmt":"2020-08-13T10:29:50","slug":"dr-raimund-volker-hueftspezialist","status":"publish","type":"page","link":"https:\/\/hueftspezialist.de\/en\/dr-raimund-volker-hueftspezialist\/","title":{"rendered":"Dr. Raimund V\u00f6lker &#8211; H\u00fcftspezialist"},"content":{"rendered":"\n<div class=\"container\">\n<div style=\"height:60px\" aria-hidden=\"true\" class=\"wp-block-spacer\"><\/div>\n\n\n\n<div class=\"row\">\n<div class=\"col-12 col-sm-6\">\n<h2 class=\"wp-block-heading\">Dr. Raimund V\u00f6lker \u2013 H\u00fcftspezialist<\/h2>\n\n\n\n<div style=\"height:30px\" aria-hidden=\"true\" class=\"wp-block-spacer\"><\/div>\n\n\n\n<div class=\"alert alert-secondary lead\" role=\"alert\"><div class=\"alert-content\">Coming Soon<\/div><\/div>\n\n\n\n<p>Hier entsteht die neue Webpr\u00e4senz vom H\u00fcftspezialist Dr. Raimund V\u00f6lker. Der aktuelle Internetauftritt ist unter <a rel=\"noreferrer noopener\" href=\"https:\/\/dr-voelker.eu\/\" target=\"_blank\">dr-voelker.eu<\/a> zu erreichen.<\/p>\n<\/div>\n\n\n\n<div class=\"col-12 col-sm-6\">\n<figure class=\"wp-block-image size-large\"><img loading=\"lazy\" decoding=\"async\" width=\"1024\" height=\"860\" src=\"http:\/\/hueftspezialist.de\/wp-content\/uploads\/2020\/02\/DrVoelker_portrait_web-1024x860.jpg\" alt=\"Dr. Raimund V\u00f6lker - H\u00fcftspezialist\" class=\"wp-image-232\" srcset=\"https:\/\/hueftspezialist.de\/wp-content\/uploads\/2020\/02\/DrVoelker_portrait_web-1024x860.jpg 1024w, https:\/\/hueftspezialist.de\/wp-content\/uploads\/2020\/02\/DrVoelker_portrait_web-300x252.jpg 300w, https:\/\/hueftspezialist.de\/wp-content\/uploads\/2020\/02\/DrVoelker_portrait_web-768x645.jpg 768w, https:\/\/hueftspezialist.de\/wp-content\/uploads\/2020\/02\/DrVoelker_portrait_web.jpg 1200w\" sizes=\"auto, (max-width: 1024px) 100vw, 1024px\" \/><\/figure>\n<\/div>\n<\/div>\n<\/div>\n","protected":false},"excerpt":{"rendered":"<p> &#8230;<\/p>\n","protected":false},"author":2,"featured_media":0,"parent":0,"menu_order":0,"comment_status":"closed","ping_status":"closed","template":"page-templates\/blank.php","meta":{"_acf_changed":false,"footnotes":""},"class_list":["post-290","page","type-page","status-publish","hentry"],"acf":[],"_links":{"self":[{"href":"https:\/\/hueftspezialist.de\/en\/wp-json\/wp\/v2\/pages\/290","targetHints":{"allow":["GET"]}}],"collection":[{"href":"https:\/\/hueftspezialist.de\/en\/wp-json\/wp\/v2\/pages"}],"about":[{"href":"https:\/\/hueftspezialist.de\/en\/wp-json\/wp\/v2\/types\/page"}],"author":[{"embeddable":true,"href":"https:\/\/hueftspezialist.de\/en\/wp-json\/wp\/v2\/users\/2"}],"replies":[{"embeddable":true,"href":"https:\/\/hueftspezialist.de\/en\/wp-json\/wp\/v2\/comments?post=290"}],"version-history":[{"count":1,"href":"https:\/\/hueftspezialist.de\/en\/wp-json\/wp\/v2\/pages\/290\/revisions"}],"predecessor-version":[{"id":333,"href":"https:\/\/hueftspezialist.de\/en\/wp-json\/wp\/v2\/pages\/290\/revisions\/333"}],"wp:attachment":[{"href":"https:\/\/hueftspezialist.de\/en\/wp-json\/wp\/v2\/media?parent=290"}],"curies":[{"name":"wp","href":"https:\/\/api.w.org\/{rel}","templated":true}]}}