{"id":65,"date":"2019-10-08T17:14:52","date_gmt":"2019-10-08T15:14:52","guid":{"rendered":"http:\/\/hueftspezialist.de\/lebenslauf\/"},"modified":"2020-02-27T12:27:12","modified_gmt":"2020-02-27T11:27:12","slug":"cv-drvoelker-hipspecialist-munich","status":"publish","type":"page","link":"https:\/\/hueftspezialist.de\/en\/cv-drvoelker-hipspecialist-munich\/","title":{"rendered":"Curriculum Vitae"},"content":{"rendered":"\n<h2 class=\"wp-block-heading\">Dr. med. Raimund Voelker<\/h2>\n\n\n\n<p class=\"has-medium-font-size\"><em>Specialist in surgery, trauma surgery and sports medicine<\/em><\/p>\n\n\n\n<div class=\"wp-block-columns has-2-columns is-layout-flex wp-container-core-columns-is-layout-9d6595d7 wp-block-columns-is-layout-flex\">\n<div class=\"wp-block-column is-layout-flow wp-block-column-is-layout-flow\">\n<p>Dr. V\u00f6lker studied at the Free University in Berlin with stays abroad at the Surgical Clinic in Prague \/ Czech Republic and at the Mount Sinai School in New York \/ USA.<\/p>\n\n\n\n<p>Dr. V\u00f6lker completed his surgical training with Prof. H. D. Clevert at the DRK-Kliniken Berlin (Academic Teaching Hospital of the Charit\u00e9 Berlin). As a surgical senior physician in visceral and thoracic surgery at PD. Dr. P. Schneider, Dr. V\u00f6lker gained experience in tissue-conserving endoscopic and minimally invasive surgical techniques. In order to expand his surgical spectrum, he worked for PD. Dr. H. Schauwecker, Head of Trauma Surgery, and Prof. M. Faensen, Head of the German Centre for Surface Replacement of the Hip Joint at the DRK-Kliniken Berlin. Accident surgery and hip surgery became the focus of his surgical activities until Dr. V\u00f6lker devoted himself exclusively to hip surgery. From 2008 to 2009 he also worked as a consultant at the SCHREIBER-Klinik in Munich. Since October 2009, Dr. Raimund V\u00f6lker has been managing the hip center at the ATOS Klinik M\u00fcnchen on his own and has been working as a hip specialist at the JOSEPHINUM Klinik M\u00fcnchen since 2010.<\/p>\n\n\n\n<p>Dr. V\u00f6lker specializes in hip surgery and in particular in bone-preserving, gentle surgical methods that change the hip joint as little as possible. In addition to standard endoprosthetics, he is one of the surgeons internationally with the greatest experience in surface replacement of the hip joint, where the bone is crowned like in dentistry. He has also gained special recognition in the treatment of the short shaft. Dr. V\u00f6lker uses only proven original implants and regularly carries out teaching and training operations at home and abroad.<\/p>\n<\/div>\n\n\n\n<div class=\"wp-block-column is-layout-flow wp-block-column-is-layout-flow\">\n<p><strong>1982<\/strong>    <br>Abitur at the Canisius-Kolleg in Berlin<\/p>\n\n\n\n<p><strong>1984\u20131991<\/strong>    <br>Study of Human Medicine at the Free University of Berlin<\/p>\n\n\n\n<p><strong>1987\u20131991<\/strong>    <br>Study stays in Prague and New York<\/p>\n\n\n\n<p><strong>1991 <\/strong>   <br>License to practice medicine at Freie Universit\u00e4t Berlin<\/p>\n\n\n\n<p><strong>since 2000 <\/strong>   <br>Senior physician in surgery at the DRK-Kliniken Berlin<\/p>\n\n\n\n<p><strong>since 2003  <\/strong>  <br>Senior Physician at the Center for Surface Replacement of the Hip Joint at the DRK Clinics in Berlin<\/p>\n\n\n\n<p><strong>2008\u20132010<\/strong>    <br>Additional consulting physician in the SCHREIBER Clinic, Munich<\/p>\n\n\n\n<p><strong>since 2009  <\/strong>  <br>Independent director of the Center for Hip Surgery at the ATOS Private Clinic Munich, hip specialist at the JOSEPHINUM Munich (until 2017) and Clinic Dr. Decker Munich (since 2017)<\/p>\n<\/div>\n<\/div>\n","protected":false},"excerpt":{"rendered":"<p>Dr. med. Raimund Voelker Specialist in surgery, trauma surgery and &#8230;<\/p>\n","protected":false},"author":1,"featured_media":0,"parent":0,"menu_order":0,"comment_status":"closed","ping_status":"closed","template":"","meta":{"_acf_changed":false,"footnotes":""},"class_list":["post-65","page","type-page","status-publish","hentry"],"acf":[],"_links":{"self":[{"href":"https:\/\/hueftspezialist.de\/en\/wp-json\/wp\/v2\/pages\/65","targetHints":{"allow":["GET"]}}],"collection":[{"href":"https:\/\/hueftspezialist.de\/en\/wp-json\/wp\/v2\/pages"}],"about":[{"href":"https:\/\/hueftspezialist.de\/en\/wp-json\/wp\/v2\/types\/page"}],"author":[{"embeddable":true,"href":"https:\/\/hueftspezialist.de\/en\/wp-json\/wp\/v2\/users\/1"}],"replies":[{"embeddable":true,"href":"https:\/\/hueftspezialist.de\/en\/wp-json\/wp\/v2\/comments?post=65"}],"version-history":[{"count":3,"href":"https:\/\/hueftspezialist.de\/en\/wp-json\/wp\/v2\/pages\/65\/revisions"}],"predecessor-version":[{"id":291,"href":"https:\/\/hueftspezialist.de\/en\/wp-json\/wp\/v2\/pages\/65\/revisions\/291"}],"wp:attachment":[{"href":"https:\/\/hueftspezialist.de\/en\/wp-json\/wp\/v2\/media?parent=65"}],"curies":[{"name":"wp","href":"https:\/\/api.w.org\/{rel}","templated":true}]}}